{"id":161,"date":"2024-08-30T12:09:07","date_gmt":"2024-08-30T15:09:07","guid":{"rendered":"https:\/\/tensor.eng.br\/?page_id=161"},"modified":"2024-08-30T17:22:32","modified_gmt":"2024-08-30T20:22:32","slug":"politica-de-privacidade","status":"publish","type":"page","link":"https:\/\/tensor.eng.br\/en\/politica-de-privacidade\/","title":{"rendered":"Pol\u00edtica de Privacidade"},"content":{"rendered":"<div data-elementor-type=\"wp-page\" data-elementor-id=\"161\" class=\"elementor elementor-161\" data-elementor-settings=\"{&quot;ha_cmc_init_switcher&quot;:&quot;no&quot;}\" data-elementor-post-type=\"page\">\n\t\t\t\t\t\t<section class=\"elementor-section elementor-top-section elementor-element elementor-element-c5b0f2f elementor-section-boxed elementor-section-height-default elementor-section-height-default\" data-id=\"c5b0f2f\" data-element_type=\"section\" data-settings=\"{&quot;background_background&quot;:&quot;classic&quot;,&quot;_ha_eqh_enable&quot;:false}\">\n\t\t\t\t\t\t<div class=\"elementor-container elementor-column-gap-default\">\n\t\t\t\t\t<div class=\"elementor-column elementor-col-100 elementor-top-column elementor-element elementor-element-1b7080f elementor-invisible\" data-id=\"1b7080f\" data-element_type=\"column\" data-settings=\"{&quot;animation&quot;:&quot;fadeIn&quot;,&quot;animation_delay&quot;:200}\">\n\t\t\t<div class=\"elementor-widget-wrap elementor-element-populated\">\n\t\t\t\t\t\t<div class=\"elementor-element elementor-element-351 elementor-widget elementor-widget-global elementor-global-351 elementor-widget-heading\" data-id=\"351\" data-element_type=\"widget\" data-widget_type=\"heading.default\">\n\t\t\t\t<div class=\"elementor-widget-container\">\n\t\t\t<h2 class=\"elementor-heading-title elementor-size-default\">Termos de Uso<\/h2>\t\t<\/div>\n\t\t\t\t<\/div>\n\t\t\t\t<div class=\"elementor-element elementor-element-354 elementor-widget elementor-widget-global elementor-global-354 elementor-widget-text-editor\" data-id=\"354\" data-element_type=\"widget\" data-widget_type=\"text-editor.default\">\n\t\t\t\t<div class=\"elementor-widget-container\">\n\t\t\t\t\t\t\t<p>\n<h2 data-start=\"2151\" data-end=\"2177\"><\/h2><\/p><p data-start=\"2065\" data-end=\"2149\">Bem-vindo ao site da <strong data-start=\"2086\" data-end=\"2096\">Tensor<\/strong>. Ao acess\u00e1-lo, voc\u00ea concorda com os termos abaixo<\/p>\t\t\t\t\t\t<\/div>\n\t\t\t\t<\/div>\n\t\t\t\t<div class=\"elementor-element elementor-element-357 acor91-edit elementor-widget elementor-widget-global elementor-global-357 elementor-widget-toggle\" data-id=\"357\" data-element_type=\"widget\" data-widget_type=\"toggle.default\">\n\t\t\t\t<div class=\"elementor-widget-container\">\n\t\t\t\t\t<div class=\"elementor-toggle\">\n\t\t\t\t\t\t\t<div class=\"elementor-toggle-item\">\n\t\t\t\t\t<div id=\"elementor-tab-title-8551\" class=\"elementor-tab-title\" data-tab=\"1\" role=\"button\" aria-controls=\"elementor-tab-content-8551\" aria-expanded=\"false\">\n\t\t\t\t\t\t\t\t\t\t\t\t<span class=\"elementor-toggle-icon elementor-toggle-icon-left\" aria-hidden=\"true\">\n\t\t\t\t\t\t\t\t\t\t\t\t\t\t\t<span class=\"elementor-toggle-icon-closed\"><svg class=\"e-font-icon-svg e-fas-caret-right\" viewbox=\"0 0 192 512\" xmlns=\"http:\/\/www.w3.org\/2000\/svg\"><path d=\"M0 384.662V127.338c0-17.818 21.543-26.741 34.142-14.142l128.662 128.662c7.81 7.81 7.81 20.474 0 28.284L34.142 398.804C21.543 411.404 0 402.48 0 384.662z\"><\/path><\/svg><\/span>\n\t\t\t\t\t\t\t\t<span class=\"elementor-toggle-icon-opened\"><svg class=\"elementor-toggle-icon-opened e-font-icon-svg e-fas-caret-down\" viewbox=\"0 0 320 512\" xmlns=\"http:\/\/www.w3.org\/2000\/svg\"><path d=\"M31.3 192h257.3c17.8 0 26.7 21.5 14.1 34.1L174.1 354.8c-7.8 7.8-20.5 7.8-28.3 0L17.2 226.1C4.6 213.5 13.5 192 31.3 192z\"><\/path><\/svg><\/span>\n\t\t\t\t\t\t\t\t\t\t\t\t\t<\/span>\n\t\t\t\t\t\t\t\t\t\t\t\t<a class=\"elementor-toggle-title\" tabindex=\"0\">Informa\u00e7\u00f5es Pessoais Coletadas<\/a>\n\t\t\t\t\t<\/div>\n\n\t\t\t\t\t<div id=\"elementor-tab-content-8551\" class=\"elementor-tab-content elementor-clearfix\" data-tab=\"1\" role=\"region\" aria-labelledby=\"elementor-tab-title-8551\"><p>Quando voc\u00ea visita nosso site, podemos coletar e armazenar certas informa\u00e7\u00f5es pessoais que voc\u00ea voluntariamente nos fornece, como nome, endere\u00e7o de e-mail, n\u00famero de telefone, informa\u00e7\u00f5es de contato e outras informa\u00e7\u00f5es relevantes para os servi\u00e7os que oferecemos.<\/p><\/div>\n\t\t\t\t<\/div>\n\t\t\t\t\t\t\t<div class=\"elementor-toggle-item\">\n\t\t\t\t\t<div id=\"elementor-tab-title-8552\" class=\"elementor-tab-title\" data-tab=\"2\" role=\"button\" aria-controls=\"elementor-tab-content-8552\" aria-expanded=\"false\">\n\t\t\t\t\t\t\t\t\t\t\t\t<span class=\"elementor-toggle-icon elementor-toggle-icon-left\" aria-hidden=\"true\">\n\t\t\t\t\t\t\t\t\t\t\t\t\t\t\t<span class=\"elementor-toggle-icon-closed\"><svg class=\"e-font-icon-svg e-fas-caret-right\" viewbox=\"0 0 192 512\" xmlns=\"http:\/\/www.w3.org\/2000\/svg\"><path d=\"M0 384.662V127.338c0-17.818 21.543-26.741 34.142-14.142l128.662 128.662c7.81 7.81 7.81 20.474 0 28.284L34.142 398.804C21.543 411.404 0 402.48 0 384.662z\"><\/path><\/svg><\/span>\n\t\t\t\t\t\t\t\t<span class=\"elementor-toggle-icon-opened\"><svg class=\"elementor-toggle-icon-opened e-font-icon-svg e-fas-caret-down\" viewbox=\"0 0 320 512\" xmlns=\"http:\/\/www.w3.org\/2000\/svg\"><path d=\"M31.3 192h257.3c17.8 0 26.7 21.5 14.1 34.1L174.1 354.8c-7.8 7.8-20.5 7.8-28.3 0L17.2 226.1C4.6 213.5 13.5 192 31.3 192z\"><\/path><\/svg><\/span>\n\t\t\t\t\t\t\t\t\t\t\t\t\t<\/span>\n\t\t\t\t\t\t\t\t\t\t\t\t<a class=\"elementor-toggle-title\" tabindex=\"0\">Uso das Informa\u00e7\u00f5es Pessoais<\/a>\n\t\t\t\t\t<\/div>\n\n\t\t\t\t\t<div id=\"elementor-tab-content-8552\" class=\"elementor-tab-content elementor-clearfix\" data-tab=\"2\" role=\"region\" aria-labelledby=\"elementor-tab-title-8552\"><p>As informa\u00e7\u00f5es pessoais que coletamos s\u00e3o utilizadas exclusivamente para os seguintes prop\u00f3sitos:<\/p><ol><li aria-level=\"1\">Fornecer e personalizar os servi\u00e7os solicitados por voc\u00ea;<\/li><li aria-level=\"1\">Responder a suas perguntas, d\u00favidas ou solicita\u00e7\u00f5es de informa\u00e7\u00f5es;<\/li><li aria-level=\"1\">Processar transa\u00e7\u00f5es, quando aplic\u00e1vel;<\/li><li aria-level=\"1\">Enviar informa\u00e7\u00f5es relacionadas aos nossos produtos, servi\u00e7os e atualiza\u00e7\u00f5es;<\/li><li aria-level=\"1\">Aprimorar a experi\u00eancia de navega\u00e7\u00e3o e o desempenho do site;<\/li><li aria-level=\"1\">Cumprir obriga\u00e7\u00f5es legais ou regulat\u00f3rias.<br \/><br \/><\/li><\/ol><p>N\u00e3o compartilharemos suas informa\u00e7\u00f5es pessoais com terceiros sem o seu consentimento, exceto quando exigido por lei ou por ordem judicial.<\/p><\/div>\n\t\t\t\t<\/div>\n\t\t\t\t\t\t\t<div class=\"elementor-toggle-item\">\n\t\t\t\t\t<div id=\"elementor-tab-title-8553\" class=\"elementor-tab-title\" data-tab=\"3\" role=\"button\" aria-controls=\"elementor-tab-content-8553\" aria-expanded=\"false\">\n\t\t\t\t\t\t\t\t\t\t\t\t<span class=\"elementor-toggle-icon elementor-toggle-icon-left\" aria-hidden=\"true\">\n\t\t\t\t\t\t\t\t\t\t\t\t\t\t\t<span class=\"elementor-toggle-icon-closed\"><svg class=\"e-font-icon-svg e-fas-caret-right\" viewbox=\"0 0 192 512\" xmlns=\"http:\/\/www.w3.org\/2000\/svg\"><path d=\"M0 384.662V127.338c0-17.818 21.543-26.741 34.142-14.142l128.662 128.662c7.81 7.81 7.81 20.474 0 28.284L34.142 398.804C21.543 411.404 0 402.48 0 384.662z\"><\/path><\/svg><\/span>\n\t\t\t\t\t\t\t\t<span class=\"elementor-toggle-icon-opened\"><svg class=\"elementor-toggle-icon-opened e-font-icon-svg e-fas-caret-down\" viewbox=\"0 0 320 512\" xmlns=\"http:\/\/www.w3.org\/2000\/svg\"><path d=\"M31.3 192h257.3c17.8 0 26.7 21.5 14.1 34.1L174.1 354.8c-7.8 7.8-20.5 7.8-28.3 0L17.2 226.1C4.6 213.5 13.5 192 31.3 192z\"><\/path><\/svg><\/span>\n\t\t\t\t\t\t\t\t\t\t\t\t\t<\/span>\n\t\t\t\t\t\t\t\t\t\t\t\t<a class=\"elementor-toggle-title\" tabindex=\"0\">Cookies e Tecnologias Semelhantes<\/a>\n\t\t\t\t\t<\/div>\n\n\t\t\t\t\t<div id=\"elementor-tab-content-8553\" class=\"elementor-tab-content elementor-clearfix\" data-tab=\"3\" role=\"region\" aria-labelledby=\"elementor-tab-title-8553\"><p>Nosso site utiliza cookies e outras tecnologias semelhantes para melhorar a sua experi\u00eancia de navega\u00e7\u00e3o. Os cookies s\u00e3o pequenos arquivos de texto que s\u00e3o armazenados no seu dispositivo quando voc\u00ea visita nosso site. Esses cookies nos ajudam a entender como voc\u00ea utiliza o site, quais p\u00e1ginas voc\u00ea visita com mais frequ\u00eancia e personalizar o conte\u00fado de acordo com os seus interesses.<\/p><p>Voc\u00ea pode controlar ou desabilitar o uso de cookies nas configura\u00e7\u00f5es do seu navegador. No entanto, \u00e9 importante ressaltar que algumas funcionalidades do site podem ser afetadas caso voc\u00ea opte por desativar os cookies.<\/p><\/div>\n\t\t\t\t<\/div>\n\t\t\t\t\t\t\t<div class=\"elementor-toggle-item\">\n\t\t\t\t\t<div id=\"elementor-tab-title-8554\" class=\"elementor-tab-title\" data-tab=\"4\" role=\"button\" aria-controls=\"elementor-tab-content-8554\" aria-expanded=\"false\">\n\t\t\t\t\t\t\t\t\t\t\t\t<span class=\"elementor-toggle-icon elementor-toggle-icon-left\" aria-hidden=\"true\">\n\t\t\t\t\t\t\t\t\t\t\t\t\t\t\t<span class=\"elementor-toggle-icon-closed\"><svg class=\"e-font-icon-svg e-fas-caret-right\" viewbox=\"0 0 192 512\" xmlns=\"http:\/\/www.w3.org\/2000\/svg\"><path d=\"M0 384.662V127.338c0-17.818 21.543-26.741 34.142-14.142l128.662 128.662c7.81 7.81 7.81 20.474 0 28.284L34.142 398.804C21.543 411.404 0 402.48 0 384.662z\"><\/path><\/svg><\/span>\n\t\t\t\t\t\t\t\t<span class=\"elementor-toggle-icon-opened\"><svg class=\"elementor-toggle-icon-opened e-font-icon-svg e-fas-caret-down\" viewbox=\"0 0 320 512\" xmlns=\"http:\/\/www.w3.org\/2000\/svg\"><path d=\"M31.3 192h257.3c17.8 0 26.7 21.5 14.1 34.1L174.1 354.8c-7.8 7.8-20.5 7.8-28.3 0L17.2 226.1C4.6 213.5 13.5 192 31.3 192z\"><\/path><\/svg><\/span>\n\t\t\t\t\t\t\t\t\t\t\t\t\t<\/span>\n\t\t\t\t\t\t\t\t\t\t\t\t<a class=\"elementor-toggle-title\" tabindex=\"0\">Seguran\u00e7a<\/a>\n\t\t\t\t\t<\/div>\n\n\t\t\t\t\t<div id=\"elementor-tab-content-8554\" class=\"elementor-tab-content elementor-clearfix\" data-tab=\"4\" role=\"region\" aria-labelledby=\"elementor-tab-title-8554\"><p>Tomamos medidas de seguran\u00e7a adequadas para proteger suas informa\u00e7\u00f5es pessoais contra acesso n\u00e3o autorizado, divulga\u00e7\u00e3o ou destrui\u00e7\u00e3o. Implementamos medidas t\u00e9cnicas, administrativas e f\u00edsicas para garantir a seguran\u00e7a dos dados que coletamos e armazenamos.<\/p><\/div>\n\t\t\t\t<\/div>\n\t\t\t\t\t\t\t<div class=\"elementor-toggle-item\">\n\t\t\t\t\t<div id=\"elementor-tab-title-8555\" class=\"elementor-tab-title\" data-tab=\"5\" role=\"button\" aria-controls=\"elementor-tab-content-8555\" aria-expanded=\"false\">\n\t\t\t\t\t\t\t\t\t\t\t\t<span class=\"elementor-toggle-icon elementor-toggle-icon-left\" aria-hidden=\"true\">\n\t\t\t\t\t\t\t\t\t\t\t\t\t\t\t<span class=\"elementor-toggle-icon-closed\"><svg class=\"e-font-icon-svg e-fas-caret-right\" viewbox=\"0 0 192 512\" xmlns=\"http:\/\/www.w3.org\/2000\/svg\"><path d=\"M0 384.662V127.338c0-17.818 21.543-26.741 34.142-14.142l128.662 128.662c7.81 7.81 7.81 20.474 0 28.284L34.142 398.804C21.543 411.404 0 402.48 0 384.662z\"><\/path><\/svg><\/span>\n\t\t\t\t\t\t\t\t<span class=\"elementor-toggle-icon-opened\"><svg class=\"elementor-toggle-icon-opened e-font-icon-svg e-fas-caret-down\" viewbox=\"0 0 320 512\" xmlns=\"http:\/\/www.w3.org\/2000\/svg\"><path d=\"M31.3 192h257.3c17.8 0 26.7 21.5 14.1 34.1L174.1 354.8c-7.8 7.8-20.5 7.8-28.3 0L17.2 226.1C4.6 213.5 13.5 192 31.3 192z\"><\/path><\/svg><\/span>\n\t\t\t\t\t\t\t\t\t\t\t\t\t<\/span>\n\t\t\t\t\t\t\t\t\t\t\t\t<a class=\"elementor-toggle-title\" tabindex=\"0\">Direitos dos Titulares de Dados<\/a>\n\t\t\t\t\t<\/div>\n\n\t\t\t\t\t<div id=\"elementor-tab-content-8555\" class=\"elementor-tab-content elementor-clearfix\" data-tab=\"5\" role=\"region\" aria-labelledby=\"elementor-tab-title-8555\"><p>De acordo com a LGPD, voc\u00ea tem os seguintes direitos em rela\u00e7\u00e3o aos seus dados pessoais:<\/p><ol><li aria-level=\"1\">Confirmar a exist\u00eancia de tratamento de dados pessoais;<\/li><li aria-level=\"1\">Acessar seus dados pessoais;<\/li><li aria-level=\"1\">Corrigir dados incompletos, inexatos ou desatualizados;<\/li><li aria-level=\"1\">Anonimizar, bloquear ou eliminar dados desnecess\u00e1rios, excessivos ou tratados em desconformidade com a lei;<\/li><li aria-level=\"1\">Solicitar a portabilidade dos dados a outro fornecedor de servi\u00e7o ou produto, mediante requisi\u00e7\u00e3o expressa;<\/li><li aria-level=\"1\">Eliminar seus dados pessoais tratados com base no seu consentimento, exceto nos casos previstos em lei;<\/li><li aria-level=\"1\">Obter informa\u00e7\u00f5es sobre as entidades p\u00fablicas e privadas com as quais compartilhamos seus dados;<\/li><li aria-level=\"1\">Revogar o consentimento para o tratamento de dados pessoais, quando aplic\u00e1vel.<\/li><\/ol><\/div>\n\t\t\t\t<\/div>\n\t\t\t\t\t\t\t<div class=\"elementor-toggle-item\">\n\t\t\t\t\t<div id=\"elementor-tab-title-8556\" class=\"elementor-tab-title\" data-tab=\"6\" role=\"button\" aria-controls=\"elementor-tab-content-8556\" aria-expanded=\"false\">\n\t\t\t\t\t\t\t\t\t\t\t\t<span class=\"elementor-toggle-icon elementor-toggle-icon-left\" aria-hidden=\"true\">\n\t\t\t\t\t\t\t\t\t\t\t\t\t\t\t<span class=\"elementor-toggle-icon-closed\"><svg class=\"e-font-icon-svg e-fas-caret-right\" viewbox=\"0 0 192 512\" xmlns=\"http:\/\/www.w3.org\/2000\/svg\"><path d=\"M0 384.662V127.338c0-17.818 21.543-26.741 34.142-14.142l128.662 128.662c7.81 7.81 7.81 20.474 0 28.284L34.142 398.804C21.543 411.404 0 402.48 0 384.662z\"><\/path><\/svg><\/span>\n\t\t\t\t\t\t\t\t<span class=\"elementor-toggle-icon-opened\"><svg class=\"elementor-toggle-icon-opened e-font-icon-svg e-fas-caret-down\" viewbox=\"0 0 320 512\" xmlns=\"http:\/\/www.w3.org\/2000\/svg\"><path d=\"M31.3 192h257.3c17.8 0 26.7 21.5 14.1 34.1L174.1 354.8c-7.8 7.8-20.5 7.8-28.3 0L17.2 226.1C4.6 213.5 13.5 192 31.3 192z\"><\/path><\/svg><\/span>\n\t\t\t\t\t\t\t\t\t\t\t\t\t<\/span>\n\t\t\t\t\t\t\t\t\t\t\t\t<a class=\"elementor-toggle-title\" tabindex=\"0\">Altera\u00e7\u00f5es na Pol\u00edtica de Privacidade<\/a>\n\t\t\t\t\t<\/div>\n\n\t\t\t\t\t<div id=\"elementor-tab-content-8556\" class=\"elementor-tab-content elementor-clearfix\" data-tab=\"6\" role=\"region\" aria-labelledby=\"elementor-tab-title-8556\"><p>Reservamo-nos o direito de fazer altera\u00e7\u00f5es nesta pol\u00edtica de privacidade a qualquer momento, a fim de adequ\u00e1-la a eventuais atualiza\u00e7\u00f5es legais ou regulat\u00f3rias. Quaisquer mudan\u00e7as significativas ser\u00e3o comunicadas por meio de uma notifica\u00e7\u00e3o em nosso site.<\/p><p>\u00daltima atualiza\u00e7\u00e3o: 30\/08\/2024.<\/p><\/div>\n\t\t\t\t<\/div>\n\t\t\t\t\t\t\t<div class=\"elementor-toggle-item\">\n\t\t\t\t\t<div id=\"elementor-tab-title-8557\" class=\"elementor-tab-title\" data-tab=\"7\" role=\"button\" aria-controls=\"elementor-tab-content-8557\" aria-expanded=\"false\">\n\t\t\t\t\t\t\t\t\t\t\t\t<span class=\"elementor-toggle-icon elementor-toggle-icon-left\" aria-hidden=\"true\">\n\t\t\t\t\t\t\t\t\t\t\t\t\t\t\t<span class=\"elementor-toggle-icon-closed\"><svg class=\"e-font-icon-svg e-fas-caret-right\" viewbox=\"0 0 192 512\" xmlns=\"http:\/\/www.w3.org\/2000\/svg\"><path d=\"M0 384.662V127.338c0-17.818 21.543-26.741 34.142-14.142l128.662 128.662c7.81 7.81 7.81 20.474 0 28.284L34.142 398.804C21.543 411.404 0 402.48 0 384.662z\"><\/path><\/svg><\/span>\n\t\t\t\t\t\t\t\t<span class=\"elementor-toggle-icon-opened\"><svg class=\"elementor-toggle-icon-opened e-font-icon-svg e-fas-caret-down\" viewbox=\"0 0 320 512\" xmlns=\"http:\/\/www.w3.org\/2000\/svg\"><path d=\"M31.3 192h257.3c17.8 0 26.7 21.5 14.1 34.1L174.1 354.8c-7.8 7.8-20.5 7.8-28.3 0L17.2 226.1C4.6 213.5 13.5 192 31.3 192z\"><\/path><\/svg><\/span>\n\t\t\t\t\t\t\t\t\t\t\t\t\t<\/span>\n\t\t\t\t\t\t\t\t\t\t\t\t<a class=\"elementor-toggle-title\" tabindex=\"0\">Entre em Contato Conosco<\/a>\n\t\t\t\t\t<\/div>\n\n\t\t\t\t\t<div id=\"elementor-tab-content-8557\" class=\"elementor-tab-content elementor-clearfix\" data-tab=\"7\" role=\"region\" aria-labelledby=\"elementor-tab-title-8557\"><p>Se voc\u00ea tiver alguma d\u00favida ou preocupa\u00e7\u00e3o sobre nossa pol\u00edtica de privacidade ou sobre como seus dados pessoais est\u00e3o sendo tratados, entre em contato conosco atrav\u00e9s dos canais fornecidos em nosso site.<\/p><\/div>\n\t\t\t\t<\/div>\n\t\t\t\t\t\t\t\t<\/div>\n\t\t\t\t<\/div>\n\t\t\t\t<\/div>\n\t\t\t\t\t<\/div>\n\t\t<\/div>\n\t\t\t\t\t<\/div>\n\t\t<\/section>\n\t\t\t\t<\/div>","protected":false},"excerpt":{"rendered":"<p>Pol\u00edtica de Privacidade A privacidade dos visitantes do nosso site \u00e9 extremamente importante para n\u00f3s. Esta pol\u00edtica de privacidade documenta os tipos de informa\u00e7\u00f5es pessoais que s\u00e3o recebidas e coletadas por nosso site, como essas informa\u00e7\u00f5es s\u00e3o utilizadas e os direitos dos visitantes de acordo com a Lei Geral de Prote\u00e7\u00e3o de Dados (LGPD). Lei [&hellip;]<\/p>","protected":false},"author":1,"featured_media":0,"parent":0,"menu_order":0,"comment_status":"closed","ping_status":"closed","template":"","meta":{"footnotes":""},"class_list":["post-161","page","type-page","status-publish","hentry"],"yoast_head":"<!-- This site is optimized with the Yoast SEO plugin v27.2 - https:\/\/yoast.com\/product\/yoast-seo-wordpress\/ -->\n<title>Pol\u00edtica de Privacidade - Tensor<\/title>\n<meta name=\"robots\" content=\"index, follow, max-snippet:-1, max-image-preview:large, max-video-preview:-1\" \/>\n<link rel=\"canonical\" href=\"https:\/\/tensor.eng.br\/en\/politica-de-privacidade\/\" \/>\n<meta property=\"og:locale\" content=\"en_US\" \/>\n<meta property=\"og:type\" content=\"article\" \/>\n<meta property=\"og:title\" content=\"Pol\u00edtica de Privacidade - Tensor\" \/>\n<meta property=\"og:description\" content=\"Pol\u00edtica de Privacidade A privacidade dos visitantes do nosso site \u00e9 extremamente importante para n\u00f3s. Esta pol\u00edtica de privacidade documenta os tipos de informa\u00e7\u00f5es pessoais que s\u00e3o recebidas e coletadas por nosso site, como essas informa\u00e7\u00f5es s\u00e3o utilizadas e os direitos dos visitantes de acordo com a Lei Geral de Prote\u00e7\u00e3o de Dados (LGPD). Lei [&hellip;]\" \/>\n<meta property=\"og:url\" content=\"https:\/\/tensor.eng.br\/en\/politica-de-privacidade\/\" \/>\n<meta property=\"og:site_name\" content=\"Tensor\" \/>\n<meta property=\"article:modified_time\" content=\"2024-08-30T20:22:32+00:00\" \/>\n<meta name=\"twitter:card\" content=\"summary_large_image\" \/>\n<meta name=\"twitter:label1\" content=\"Est. reading time\" \/>\n\t<meta name=\"twitter:data1\" content=\"3 minutes\" \/>\n<script type=\"application\/ld+json\" class=\"yoast-schema-graph\">{\"@context\":\"https:\/\/schema.org\",\"@graph\":[{\"@type\":\"WebPage\",\"@id\":\"https:\/\/tensor.eng.br\/politica-de-privacidade\/\",\"url\":\"https:\/\/tensor.eng.br\/politica-de-privacidade\/\",\"name\":\"Pol\u00edtica de Privacidade - Tensor\",\"isPartOf\":{\"@id\":\"https:\/\/tensor.eng.br\/#website\"},\"datePublished\":\"2024-08-30T15:09:07+00:00\",\"dateModified\":\"2024-08-30T20:22:32+00:00\",\"breadcrumb\":{\"@id\":\"https:\/\/tensor.eng.br\/politica-de-privacidade\/#breadcrumb\"},\"inLanguage\":\"en-US\",\"potentialAction\":[{\"@type\":\"ReadAction\",\"target\":[\"https:\/\/tensor.eng.br\/politica-de-privacidade\/\"]}]},{\"@type\":\"BreadcrumbList\",\"@id\":\"https:\/\/tensor.eng.br\/politica-de-privacidade\/#breadcrumb\",\"itemListElement\":[{\"@type\":\"ListItem\",\"position\":1,\"name\":\"In\u00edcio\",\"item\":\"https:\/\/tensor.eng.br\/\"},{\"@type\":\"ListItem\",\"position\":2,\"name\":\"Pol\u00edtica de Privacidade\"}]},{\"@type\":\"WebSite\",\"@id\":\"https:\/\/tensor.eng.br\/#website\",\"url\":\"https:\/\/tensor.eng.br\/\",\"name\":\"Tensor\",\"description\":\"\",\"publisher\":{\"@id\":\"https:\/\/tensor.eng.br\/#organization\"},\"potentialAction\":[{\"@type\":\"SearchAction\",\"target\":{\"@type\":\"EntryPoint\",\"urlTemplate\":\"https:\/\/tensor.eng.br\/?s={search_term_string}\"},\"query-input\":{\"@type\":\"PropertyValueSpecification\",\"valueRequired\":true,\"valueName\":\"search_term_string\"}}],\"inLanguage\":\"en-US\"},{\"@type\":\"Organization\",\"@id\":\"https:\/\/tensor.eng.br\/#organization\",\"name\":\"Tensor\",\"url\":\"https:\/\/tensor.eng.br\/\",\"logo\":{\"@type\":\"ImageObject\",\"inLanguage\":\"en-US\",\"@id\":\"https:\/\/tensor.eng.br\/#\/schema\/logo\/image\/\",\"url\":\"https:\/\/tensor.eng.br\/wp-content\/uploads\/2024\/08\/tensor.jpg\",\"contentUrl\":\"https:\/\/tensor.eng.br\/wp-content\/uploads\/2024\/08\/tensor.jpg\",\"width\":512,\"height\":512,\"caption\":\"Tensor\"},\"image\":{\"@id\":\"https:\/\/tensor.eng.br\/#\/schema\/logo\/image\/\"}}]}<\/script>\n<!-- \/ Yoast SEO plugin. -->","yoast_head_json":{"title":"Pol\u00edtica de Privacidade - Tensor","robots":{"index":"index","follow":"follow","max-snippet":"max-snippet:-1","max-image-preview":"max-image-preview:large","max-video-preview":"max-video-preview:-1"},"canonical":"https:\/\/tensor.eng.br\/en\/politica-de-privacidade\/","og_locale":"en_US","og_type":"article","og_title":"Pol\u00edtica de Privacidade - Tensor","og_description":"Pol\u00edtica de Privacidade A privacidade dos visitantes do nosso site \u00e9 extremamente importante para n\u00f3s. Esta pol\u00edtica de privacidade documenta os tipos de informa\u00e7\u00f5es pessoais que s\u00e3o recebidas e coletadas por nosso site, como essas informa\u00e7\u00f5es s\u00e3o utilizadas e os direitos dos visitantes de acordo com a Lei Geral de Prote\u00e7\u00e3o de Dados (LGPD). Lei [&hellip;]","og_url":"https:\/\/tensor.eng.br\/en\/politica-de-privacidade\/","og_site_name":"Tensor","article_modified_time":"2024-08-30T20:22:32+00:00","twitter_card":"summary_large_image","twitter_misc":{"Est. reading time":"3 minutes"},"schema":{"@context":"https:\/\/schema.org","@graph":[{"@type":"WebPage","@id":"https:\/\/tensor.eng.br\/politica-de-privacidade\/","url":"https:\/\/tensor.eng.br\/politica-de-privacidade\/","name":"Pol\u00edtica de Privacidade - Tensor","isPartOf":{"@id":"https:\/\/tensor.eng.br\/#website"},"datePublished":"2024-08-30T15:09:07+00:00","dateModified":"2024-08-30T20:22:32+00:00","breadcrumb":{"@id":"https:\/\/tensor.eng.br\/politica-de-privacidade\/#breadcrumb"},"inLanguage":"en-US","potentialAction":[{"@type":"ReadAction","target":["https:\/\/tensor.eng.br\/politica-de-privacidade\/"]}]},{"@type":"BreadcrumbList","@id":"https:\/\/tensor.eng.br\/politica-de-privacidade\/#breadcrumb","itemListElement":[{"@type":"ListItem","position":1,"name":"In\u00edcio","item":"https:\/\/tensor.eng.br\/"},{"@type":"ListItem","position":2,"name":"Pol\u00edtica de Privacidade"}]},{"@type":"WebSite","@id":"https:\/\/tensor.eng.br\/#website","url":"https:\/\/tensor.eng.br\/","name":"Tensor","description":"","publisher":{"@id":"https:\/\/tensor.eng.br\/#organization"},"potentialAction":[{"@type":"SearchAction","target":{"@type":"EntryPoint","urlTemplate":"https:\/\/tensor.eng.br\/?s={search_term_string}"},"query-input":{"@type":"PropertyValueSpecification","valueRequired":true,"valueName":"search_term_string"}}],"inLanguage":"en-US"},{"@type":"Organization","@id":"https:\/\/tensor.eng.br\/#organization","name":"Tensor","url":"https:\/\/tensor.eng.br\/","logo":{"@type":"ImageObject","inLanguage":"en-US","@id":"https:\/\/tensor.eng.br\/#\/schema\/logo\/image\/","url":"https:\/\/tensor.eng.br\/wp-content\/uploads\/2024\/08\/tensor.jpg","contentUrl":"https:\/\/tensor.eng.br\/wp-content\/uploads\/2024\/08\/tensor.jpg","width":512,"height":512,"caption":"Tensor"},"image":{"@id":"https:\/\/tensor.eng.br\/#\/schema\/logo\/image\/"}}]}},"_links":{"self":[{"href":"https:\/\/tensor.eng.br\/en\/wp-json\/wp\/v2\/pages\/161","targetHints":{"allow":["GET"]}}],"collection":[{"href":"https:\/\/tensor.eng.br\/en\/wp-json\/wp\/v2\/pages"}],"about":[{"href":"https:\/\/tensor.eng.br\/en\/wp-json\/wp\/v2\/types\/page"}],"author":[{"embeddable":true,"href":"https:\/\/tensor.eng.br\/en\/wp-json\/wp\/v2\/users\/1"}],"replies":[{"embeddable":true,"href":"https:\/\/tensor.eng.br\/en\/wp-json\/wp\/v2\/comments?post=161"}],"version-history":[{"count":11,"href":"https:\/\/tensor.eng.br\/en\/wp-json\/wp\/v2\/pages\/161\/revisions"}],"predecessor-version":[{"id":1956,"href":"https:\/\/tensor.eng.br\/en\/wp-json\/wp\/v2\/pages\/161\/revisions\/1956"}],"wp:attachment":[{"href":"https:\/\/tensor.eng.br\/en\/wp-json\/wp\/v2\/media?parent=161"}],"curies":[{"name":"wp","href":"https:\/\/api.w.org\/{rel}","templated":true}]}}