{"id":1957,"date":"2025-09-29T15:19:26","date_gmt":"2025-09-29T18:19:26","guid":{"rendered":"https:\/\/tensor.eng.br\/?page_id=1957"},"modified":"2025-09-29T15:27:11","modified_gmt":"2025-09-29T18:27:11","slug":"termos-de-uso","status":"publish","type":"page","link":"https:\/\/tensor.eng.br\/en\/termos-de-uso\/","title":{"rendered":"Termos de Uso"},"content":{"rendered":"<div data-elementor-type=\"wp-page\" data-elementor-id=\"1957\" class=\"elementor elementor-1957\" data-elementor-settings=\"{&quot;ha_cmc_init_switcher&quot;:&quot;no&quot;}\" data-elementor-post-type=\"page\">\n\t\t\t\t\t\t<section class=\"elementor-section elementor-top-section elementor-element elementor-element-c5b0f2f elementor-section-boxed elementor-section-height-default elementor-section-height-default\" data-id=\"c5b0f2f\" data-element_type=\"section\" data-settings=\"{&quot;background_background&quot;:&quot;classic&quot;,&quot;_ha_eqh_enable&quot;:false}\">\n\t\t\t\t\t\t<div class=\"elementor-container elementor-column-gap-default\">\n\t\t\t\t\t<div class=\"elementor-column elementor-col-100 elementor-top-column elementor-element elementor-element-1b7080f elementor-invisible\" data-id=\"1b7080f\" data-element_type=\"column\" data-settings=\"{&quot;animation&quot;:&quot;fadeIn&quot;,&quot;animation_delay&quot;:200}\">\n\t\t\t<div class=\"elementor-widget-wrap elementor-element-populated\">\n\t\t\t\t\t\t<div class=\"elementor-element elementor-element-351 elementor-widget elementor-widget-global elementor-global-351 elementor-widget-heading\" data-id=\"351\" data-element_type=\"widget\" data-widget_type=\"heading.default\">\n\t\t\t\t<div class=\"elementor-widget-container\">\n\t\t\t<h2 class=\"elementor-heading-title elementor-size-default\">Termos de Uso<\/h2>\t\t<\/div>\n\t\t\t\t<\/div>\n\t\t\t\t<div class=\"elementor-element elementor-element-354 elementor-widget elementor-widget-global elementor-global-354 elementor-widget-text-editor\" data-id=\"354\" data-element_type=\"widget\" data-widget_type=\"text-editor.default\">\n\t\t\t\t<div class=\"elementor-widget-container\">\n\t\t\t\t\t\t\t<p>\n<h2 data-start=\"2151\" data-end=\"2177\"><\/h2><\/p><p data-start=\"2065\" data-end=\"2149\">Bem-vindo ao site da <strong data-start=\"2086\" data-end=\"2096\">Tensor<\/strong>. Ao acess\u00e1-lo, voc\u00ea concorda com os termos abaixo<\/p>\t\t\t\t\t\t<\/div>\n\t\t\t\t<\/div>\n\t\t\t\t<div class=\"elementor-element elementor-element-0314a2f acor91-edit elementor-widget elementor-widget-toggle\" data-id=\"0314a2f\" data-element_type=\"widget\" data-widget_type=\"toggle.default\">\n\t\t\t\t<div class=\"elementor-widget-container\">\n\t\t\t\t\t<div class=\"elementor-toggle\">\n\t\t\t\t\t\t\t<div class=\"elementor-toggle-item\">\n\t\t\t\t\t<div id=\"elementor-tab-title-3231\" class=\"elementor-tab-title\" data-tab=\"1\" role=\"button\" aria-controls=\"elementor-tab-content-3231\" aria-expanded=\"false\">\n\t\t\t\t\t\t\t\t\t\t\t\t<span class=\"elementor-toggle-icon elementor-toggle-icon-left\" aria-hidden=\"true\">\n\t\t\t\t\t\t\t\t\t\t\t\t\t\t\t<span class=\"elementor-toggle-icon-closed\"><svg class=\"e-font-icon-svg e-fas-caret-right\" viewbox=\"0 0 192 512\" xmlns=\"http:\/\/www.w3.org\/2000\/svg\"><path d=\"M0 384.662V127.338c0-17.818 21.543-26.741 34.142-14.142l128.662 128.662c7.81 7.81 7.81 20.474 0 28.284L34.142 398.804C21.543 411.404 0 402.48 0 384.662z\"><\/path><\/svg><\/span>\n\t\t\t\t\t\t\t\t<span class=\"elementor-toggle-icon-opened\"><svg class=\"elementor-toggle-icon-opened e-font-icon-svg e-fas-caret-down\" viewbox=\"0 0 320 512\" xmlns=\"http:\/\/www.w3.org\/2000\/svg\"><path d=\"M31.3 192h257.3c17.8 0 26.7 21.5 14.1 34.1L174.1 354.8c-7.8 7.8-20.5 7.8-28.3 0L17.2 226.1C4.6 213.5 13.5 192 31.3 192z\"><\/path><\/svg><\/span>\n\t\t\t\t\t\t\t\t\t\t\t\t\t<\/span>\n\t\t\t\t\t\t\t\t\t\t\t\t<a class=\"elementor-toggle-title\" tabindex=\"0\">Finalidade do Site<\/a>\n\t\t\t\t\t<\/div>\n\n\t\t\t\t\t<div id=\"elementor-tab-content-3231\" class=\"elementor-tab-content elementor-clearfix\" data-tab=\"1\" role=\"region\" aria-labelledby=\"elementor-tab-title-3231\"><p>O site tem car\u00e1ter <strong data-start=\"2197\" data-end=\"2228\">informativo e institucional<\/strong>, destinado a apresentar a <strong data-start=\"2255\" data-end=\"2265\">Tensor<\/strong>, seus servi\u00e7os e conte\u00fados relacionados.<\/p><\/div>\n\t\t\t\t<\/div>\n\t\t\t\t\t\t\t<div class=\"elementor-toggle-item\">\n\t\t\t\t\t<div id=\"elementor-tab-title-3232\" class=\"elementor-tab-title\" data-tab=\"2\" role=\"button\" aria-controls=\"elementor-tab-content-3232\" aria-expanded=\"false\">\n\t\t\t\t\t\t\t\t\t\t\t\t<span class=\"elementor-toggle-icon elementor-toggle-icon-left\" aria-hidden=\"true\">\n\t\t\t\t\t\t\t\t\t\t\t\t\t\t\t<span class=\"elementor-toggle-icon-closed\"><svg class=\"e-font-icon-svg e-fas-caret-right\" viewbox=\"0 0 192 512\" xmlns=\"http:\/\/www.w3.org\/2000\/svg\"><path d=\"M0 384.662V127.338c0-17.818 21.543-26.741 34.142-14.142l128.662 128.662c7.81 7.81 7.81 20.474 0 28.284L34.142 398.804C21.543 411.404 0 402.48 0 384.662z\"><\/path><\/svg><\/span>\n\t\t\t\t\t\t\t\t<span class=\"elementor-toggle-icon-opened\"><svg class=\"elementor-toggle-icon-opened e-font-icon-svg e-fas-caret-down\" viewbox=\"0 0 320 512\" xmlns=\"http:\/\/www.w3.org\/2000\/svg\"><path d=\"M31.3 192h257.3c17.8 0 26.7 21.5 14.1 34.1L174.1 354.8c-7.8 7.8-20.5 7.8-28.3 0L17.2 226.1C4.6 213.5 13.5 192 31.3 192z\"><\/path><\/svg><\/span>\n\t\t\t\t\t\t\t\t\t\t\t\t\t<\/span>\n\t\t\t\t\t\t\t\t\t\t\t\t<a class=\"elementor-toggle-title\" tabindex=\"0\">Propriedade Intelectual<\/a>\n\t\t\t\t\t<\/div>\n\n\t\t\t\t\t<div id=\"elementor-tab-content-3232\" class=\"elementor-tab-content elementor-clearfix\" data-tab=\"2\" role=\"region\" aria-labelledby=\"elementor-tab-title-3232\"><p>Todo o conte\u00fado (textos, imagens, logotipos, marcas, v\u00eddeos e outros materiais) \u00e9 de propriedade exclusiva da <strong data-start=\"2452\" data-end=\"2462\">Tensor<\/strong> ou de seus licenciadores. \u00c9 proibido copiar, reproduzir, distribuir ou modificar qualquer parte sem autoriza\u00e7\u00e3o pr\u00e9via por escrito.<\/p><\/div>\n\t\t\t\t<\/div>\n\t\t\t\t\t\t\t<div class=\"elementor-toggle-item\">\n\t\t\t\t\t<div id=\"elementor-tab-title-3233\" class=\"elementor-tab-title\" data-tab=\"3\" role=\"button\" aria-controls=\"elementor-tab-content-3233\" aria-expanded=\"false\">\n\t\t\t\t\t\t\t\t\t\t\t\t<span class=\"elementor-toggle-icon elementor-toggle-icon-left\" aria-hidden=\"true\">\n\t\t\t\t\t\t\t\t\t\t\t\t\t\t\t<span class=\"elementor-toggle-icon-closed\"><svg class=\"e-font-icon-svg e-fas-caret-right\" viewbox=\"0 0 192 512\" xmlns=\"http:\/\/www.w3.org\/2000\/svg\"><path d=\"M0 384.662V127.338c0-17.818 21.543-26.741 34.142-14.142l128.662 128.662c7.81 7.81 7.81 20.474 0 28.284L34.142 398.804C21.543 411.404 0 402.48 0 384.662z\"><\/path><\/svg><\/span>\n\t\t\t\t\t\t\t\t<span class=\"elementor-toggle-icon-opened\"><svg class=\"elementor-toggle-icon-opened e-font-icon-svg e-fas-caret-down\" viewbox=\"0 0 320 512\" xmlns=\"http:\/\/www.w3.org\/2000\/svg\"><path d=\"M31.3 192h257.3c17.8 0 26.7 21.5 14.1 34.1L174.1 354.8c-7.8 7.8-20.5 7.8-28.3 0L17.2 226.1C4.6 213.5 13.5 192 31.3 192z\"><\/path><\/svg><\/span>\n\t\t\t\t\t\t\t\t\t\t\t\t\t<\/span>\n\t\t\t\t\t\t\t\t\t\t\t\t<a class=\"elementor-toggle-title\" tabindex=\"0\">Uso Permitido<\/a>\n\t\t\t\t\t<\/div>\n\n\t\t\t\t\t<div id=\"elementor-tab-content-3233\" class=\"elementor-tab-content elementor-clearfix\" data-tab=\"3\" role=\"region\" aria-labelledby=\"elementor-tab-title-3233\"><p data-start=\"2620\" data-end=\"2757\">O usu\u00e1rio compromete-se a utilizar o site de forma l\u00edcita, respeitando a legisla\u00e7\u00e3o vigente e os direitos de terceiros, abstendo-se de:<\/p><ul data-start=\"2758\" data-end=\"2959\"><li data-start=\"2758\" data-end=\"2816\"><p data-start=\"2760\" data-end=\"2816\">Praticar atos que prejudiquem o funcionamento do site;<\/p><\/li><li data-start=\"2817\" data-end=\"2894\"><p data-start=\"2819\" data-end=\"2894\">Tentar obter acesso n\u00e3o autorizado a sistemas, servidores ou informa\u00e7\u00f5es;<\/p><\/li><li data-start=\"2895\" data-end=\"2959\"><p data-start=\"2897\" data-end=\"2959\">Usar conte\u00fados do site para fins comerciais sem autoriza\u00e7\u00e3o.<\/p><\/li><\/ul><\/div>\n\t\t\t\t<\/div>\n\t\t\t\t\t\t\t<div class=\"elementor-toggle-item\">\n\t\t\t\t\t<div id=\"elementor-tab-title-3234\" class=\"elementor-tab-title\" data-tab=\"4\" role=\"button\" aria-controls=\"elementor-tab-content-3234\" aria-expanded=\"false\">\n\t\t\t\t\t\t\t\t\t\t\t\t<span class=\"elementor-toggle-icon elementor-toggle-icon-left\" aria-hidden=\"true\">\n\t\t\t\t\t\t\t\t\t\t\t\t\t\t\t<span class=\"elementor-toggle-icon-closed\"><svg class=\"e-font-icon-svg e-fas-caret-right\" viewbox=\"0 0 192 512\" xmlns=\"http:\/\/www.w3.org\/2000\/svg\"><path d=\"M0 384.662V127.338c0-17.818 21.543-26.741 34.142-14.142l128.662 128.662c7.81 7.81 7.81 20.474 0 28.284L34.142 398.804C21.543 411.404 0 402.48 0 384.662z\"><\/path><\/svg><\/span>\n\t\t\t\t\t\t\t\t<span class=\"elementor-toggle-icon-opened\"><svg class=\"elementor-toggle-icon-opened e-font-icon-svg e-fas-caret-down\" viewbox=\"0 0 320 512\" xmlns=\"http:\/\/www.w3.org\/2000\/svg\"><path d=\"M31.3 192h257.3c17.8 0 26.7 21.5 14.1 34.1L174.1 354.8c-7.8 7.8-20.5 7.8-28.3 0L17.2 226.1C4.6 213.5 13.5 192 31.3 192z\"><\/path><\/svg><\/span>\n\t\t\t\t\t\t\t\t\t\t\t\t\t<\/span>\n\t\t\t\t\t\t\t\t\t\t\t\t<a class=\"elementor-toggle-title\" tabindex=\"0\">Links Externos<\/a>\n\t\t\t\t\t<\/div>\n\n\t\t\t\t\t<div id=\"elementor-tab-content-3234\" class=\"elementor-tab-content elementor-clearfix\" data-tab=\"4\" role=\"region\" aria-labelledby=\"elementor-tab-title-3234\"><p>Nosso site pode conter links para sites de terceiros. A <strong data-start=\"3040\" data-end=\"3050\">Tensor<\/strong> n\u00e3o se responsabiliza por seus conte\u00fados, pol\u00edticas de privacidade ou pr\u00e1ticas.<\/p><\/div>\n\t\t\t\t<\/div>\n\t\t\t\t\t\t\t<div class=\"elementor-toggle-item\">\n\t\t\t\t\t<div id=\"elementor-tab-title-3235\" class=\"elementor-tab-title\" data-tab=\"5\" role=\"button\" aria-controls=\"elementor-tab-content-3235\" aria-expanded=\"false\">\n\t\t\t\t\t\t\t\t\t\t\t\t<span class=\"elementor-toggle-icon elementor-toggle-icon-left\" aria-hidden=\"true\">\n\t\t\t\t\t\t\t\t\t\t\t\t\t\t\t<span class=\"elementor-toggle-icon-closed\"><svg class=\"e-font-icon-svg e-fas-caret-right\" viewbox=\"0 0 192 512\" xmlns=\"http:\/\/www.w3.org\/2000\/svg\"><path d=\"M0 384.662V127.338c0-17.818 21.543-26.741 34.142-14.142l128.662 128.662c7.81 7.81 7.81 20.474 0 28.284L34.142 398.804C21.543 411.404 0 402.48 0 384.662z\"><\/path><\/svg><\/span>\n\t\t\t\t\t\t\t\t<span class=\"elementor-toggle-icon-opened\"><svg class=\"elementor-toggle-icon-opened e-font-icon-svg e-fas-caret-down\" viewbox=\"0 0 320 512\" xmlns=\"http:\/\/www.w3.org\/2000\/svg\"><path d=\"M31.3 192h257.3c17.8 0 26.7 21.5 14.1 34.1L174.1 354.8c-7.8 7.8-20.5 7.8-28.3 0L17.2 226.1C4.6 213.5 13.5 192 31.3 192z\"><\/path><\/svg><\/span>\n\t\t\t\t\t\t\t\t\t\t\t\t\t<\/span>\n\t\t\t\t\t\t\t\t\t\t\t\t<a class=\"elementor-toggle-title\" tabindex=\"0\">Limita\u00e7\u00e3o de Responsabilidade<\/a>\n\t\t\t\t\t<\/div>\n\n\t\t\t\t\t<div id=\"elementor-tab-content-3235\" class=\"elementor-tab-content elementor-clearfix\" data-tab=\"5\" role=\"region\" aria-labelledby=\"elementor-tab-title-3235\"><p>Embora busquemos manter as informa\u00e7\u00f5es atualizadas, n\u00e3o garantimos a exatid\u00e3o, integridade ou disponibilidade cont\u00ednua do site.<br data-start=\"3299\" data-end=\"3302\" \/>A <strong data-start=\"3304\" data-end=\"3314\">Tensor<\/strong> n\u00e3o se responsabiliza por eventuais danos diretos ou indiretos decorrentes do uso do site.<\/p><\/div>\n\t\t\t\t<\/div>\n\t\t\t\t\t\t\t<div class=\"elementor-toggle-item\">\n\t\t\t\t\t<div id=\"elementor-tab-title-3236\" class=\"elementor-tab-title\" data-tab=\"6\" role=\"button\" aria-controls=\"elementor-tab-content-3236\" aria-expanded=\"false\">\n\t\t\t\t\t\t\t\t\t\t\t\t<span class=\"elementor-toggle-icon elementor-toggle-icon-left\" aria-hidden=\"true\">\n\t\t\t\t\t\t\t\t\t\t\t\t\t\t\t<span class=\"elementor-toggle-icon-closed\"><svg class=\"e-font-icon-svg e-fas-caret-right\" viewbox=\"0 0 192 512\" xmlns=\"http:\/\/www.w3.org\/2000\/svg\"><path d=\"M0 384.662V127.338c0-17.818 21.543-26.741 34.142-14.142l128.662 128.662c7.81 7.81 7.81 20.474 0 28.284L34.142 398.804C21.543 411.404 0 402.48 0 384.662z\"><\/path><\/svg><\/span>\n\t\t\t\t\t\t\t\t<span class=\"elementor-toggle-icon-opened\"><svg class=\"elementor-toggle-icon-opened e-font-icon-svg e-fas-caret-down\" viewbox=\"0 0 320 512\" xmlns=\"http:\/\/www.w3.org\/2000\/svg\"><path d=\"M31.3 192h257.3c17.8 0 26.7 21.5 14.1 34.1L174.1 354.8c-7.8 7.8-20.5 7.8-28.3 0L17.2 226.1C4.6 213.5 13.5 192 31.3 192z\"><\/path><\/svg><\/span>\n\t\t\t\t\t\t\t\t\t\t\t\t\t<\/span>\n\t\t\t\t\t\t\t\t\t\t\t\t<a class=\"elementor-toggle-title\" tabindex=\"0\">Altera\u00e7\u00f5es dos Termos de Uso<\/a>\n\t\t\t\t\t<\/div>\n\n\t\t\t\t\t<div id=\"elementor-tab-content-3236\" class=\"elementor-tab-content elementor-clearfix\" data-tab=\"6\" role=\"region\" aria-labelledby=\"elementor-tab-title-3236\"><p>A <strong data-start=\"3448\" data-end=\"3458\">Tensor<\/strong> reserva-se o direito de alterar estes Termos a qualquer momento. As altera\u00e7\u00f5es entram em vigor a partir de sua publica\u00e7\u00e3o nesta p\u00e1gina.<\/p><\/div>\n\t\t\t\t<\/div>\n\t\t\t\t\t\t\t\t<\/div>\n\t\t\t\t<\/div>\n\t\t\t\t<\/div>\n\t\t\t\t\t<\/div>\n\t\t<\/div>\n\t\t\t\t\t<\/div>\n\t\t<\/section>\n\t\t\t\t<\/div>","protected":false},"excerpt":{"rendered":"<p>Pol\u00edtica de Privacidade A privacidade dos visitantes do nosso site \u00e9 extremamente importante para n\u00f3s. Esta pol\u00edtica de privacidade documenta os tipos de informa\u00e7\u00f5es pessoais que s\u00e3o recebidas e coletadas por nosso site, como essas informa\u00e7\u00f5es s\u00e3o utilizadas e os direitos dos visitantes de acordo com a Lei Geral de Prote\u00e7\u00e3o de Dados (LGPD). Lei [&hellip;]<\/p>","protected":false},"author":5,"featured_media":0,"parent":0,"menu_order":0,"comment_status":"closed","ping_status":"closed","template":"","meta":{"footnotes":""},"class_list":["post-1957","page","type-page","status-publish","hentry"],"yoast_head":"<!-- This site is optimized with the Yoast SEO plugin v27.2 - https:\/\/yoast.com\/product\/yoast-seo-wordpress\/ -->\n<title>Termos de Uso - Tensor<\/title>\n<meta name=\"robots\" content=\"index, follow, max-snippet:-1, max-image-preview:large, max-video-preview:-1\" \/>\n<link rel=\"canonical\" href=\"https:\/\/tensor.eng.br\/en\/termos-de-uso\/\" \/>\n<meta property=\"og:locale\" content=\"en_US\" \/>\n<meta property=\"og:type\" content=\"article\" \/>\n<meta property=\"og:title\" content=\"Termos de Uso - Tensor\" \/>\n<meta property=\"og:description\" content=\"Pol\u00edtica de Privacidade A privacidade dos visitantes do nosso site \u00e9 extremamente importante para n\u00f3s. Esta pol\u00edtica de privacidade documenta os tipos de informa\u00e7\u00f5es pessoais que s\u00e3o recebidas e coletadas por nosso site, como essas informa\u00e7\u00f5es s\u00e3o utilizadas e os direitos dos visitantes de acordo com a Lei Geral de Prote\u00e7\u00e3o de Dados (LGPD). Lei [&hellip;]\" \/>\n<meta property=\"og:url\" content=\"https:\/\/tensor.eng.br\/en\/termos-de-uso\/\" \/>\n<meta property=\"og:site_name\" content=\"Tensor\" \/>\n<meta property=\"article:modified_time\" content=\"2025-09-29T18:27:11+00:00\" \/>\n<meta name=\"twitter:card\" content=\"summary_large_image\" \/>\n<meta name=\"twitter:label1\" content=\"Est. reading time\" \/>\n\t<meta name=\"twitter:data1\" content=\"2 minutes\" \/>\n<script type=\"application\/ld+json\" class=\"yoast-schema-graph\">{\"@context\":\"https:\/\/schema.org\",\"@graph\":[{\"@type\":\"WebPage\",\"@id\":\"https:\/\/tensor.eng.br\/termos-de-uso\/\",\"url\":\"https:\/\/tensor.eng.br\/termos-de-uso\/\",\"name\":\"Termos de Uso - Tensor\",\"isPartOf\":{\"@id\":\"https:\/\/tensor.eng.br\/#website\"},\"datePublished\":\"2025-09-29T18:19:26+00:00\",\"dateModified\":\"2025-09-29T18:27:11+00:00\",\"breadcrumb\":{\"@id\":\"https:\/\/tensor.eng.br\/termos-de-uso\/#breadcrumb\"},\"inLanguage\":\"en-US\",\"potentialAction\":[{\"@type\":\"ReadAction\",\"target\":[\"https:\/\/tensor.eng.br\/termos-de-uso\/\"]}]},{\"@type\":\"BreadcrumbList\",\"@id\":\"https:\/\/tensor.eng.br\/termos-de-uso\/#breadcrumb\",\"itemListElement\":[{\"@type\":\"ListItem\",\"position\":1,\"name\":\"In\u00edcio\",\"item\":\"https:\/\/tensor.eng.br\/\"},{\"@type\":\"ListItem\",\"position\":2,\"name\":\"Termos de Uso\"}]},{\"@type\":\"WebSite\",\"@id\":\"https:\/\/tensor.eng.br\/#website\",\"url\":\"https:\/\/tensor.eng.br\/\",\"name\":\"Tensor\",\"description\":\"\",\"publisher\":{\"@id\":\"https:\/\/tensor.eng.br\/#organization\"},\"potentialAction\":[{\"@type\":\"SearchAction\",\"target\":{\"@type\":\"EntryPoint\",\"urlTemplate\":\"https:\/\/tensor.eng.br\/?s={search_term_string}\"},\"query-input\":{\"@type\":\"PropertyValueSpecification\",\"valueRequired\":true,\"valueName\":\"search_term_string\"}}],\"inLanguage\":\"en-US\"},{\"@type\":\"Organization\",\"@id\":\"https:\/\/tensor.eng.br\/#organization\",\"name\":\"Tensor\",\"url\":\"https:\/\/tensor.eng.br\/\",\"logo\":{\"@type\":\"ImageObject\",\"inLanguage\":\"en-US\",\"@id\":\"https:\/\/tensor.eng.br\/#\/schema\/logo\/image\/\",\"url\":\"https:\/\/tensor.eng.br\/wp-content\/uploads\/2024\/08\/tensor.jpg\",\"contentUrl\":\"https:\/\/tensor.eng.br\/wp-content\/uploads\/2024\/08\/tensor.jpg\",\"width\":512,\"height\":512,\"caption\":\"Tensor\"},\"image\":{\"@id\":\"https:\/\/tensor.eng.br\/#\/schema\/logo\/image\/\"}}]}<\/script>\n<!-- \/ Yoast SEO plugin. -->","yoast_head_json":{"title":"Termos de Uso - Tensor","robots":{"index":"index","follow":"follow","max-snippet":"max-snippet:-1","max-image-preview":"max-image-preview:large","max-video-preview":"max-video-preview:-1"},"canonical":"https:\/\/tensor.eng.br\/en\/termos-de-uso\/","og_locale":"en_US","og_type":"article","og_title":"Termos de Uso - Tensor","og_description":"Pol\u00edtica de Privacidade A privacidade dos visitantes do nosso site \u00e9 extremamente importante para n\u00f3s. Esta pol\u00edtica de privacidade documenta os tipos de informa\u00e7\u00f5es pessoais que s\u00e3o recebidas e coletadas por nosso site, como essas informa\u00e7\u00f5es s\u00e3o utilizadas e os direitos dos visitantes de acordo com a Lei Geral de Prote\u00e7\u00e3o de Dados (LGPD). Lei [&hellip;]","og_url":"https:\/\/tensor.eng.br\/en\/termos-de-uso\/","og_site_name":"Tensor","article_modified_time":"2025-09-29T18:27:11+00:00","twitter_card":"summary_large_image","twitter_misc":{"Est. reading time":"2 minutes"},"schema":{"@context":"https:\/\/schema.org","@graph":[{"@type":"WebPage","@id":"https:\/\/tensor.eng.br\/termos-de-uso\/","url":"https:\/\/tensor.eng.br\/termos-de-uso\/","name":"Termos de Uso - Tensor","isPartOf":{"@id":"https:\/\/tensor.eng.br\/#website"},"datePublished":"2025-09-29T18:19:26+00:00","dateModified":"2025-09-29T18:27:11+00:00","breadcrumb":{"@id":"https:\/\/tensor.eng.br\/termos-de-uso\/#breadcrumb"},"inLanguage":"en-US","potentialAction":[{"@type":"ReadAction","target":["https:\/\/tensor.eng.br\/termos-de-uso\/"]}]},{"@type":"BreadcrumbList","@id":"https:\/\/tensor.eng.br\/termos-de-uso\/#breadcrumb","itemListElement":[{"@type":"ListItem","position":1,"name":"In\u00edcio","item":"https:\/\/tensor.eng.br\/"},{"@type":"ListItem","position":2,"name":"Termos de Uso"}]},{"@type":"WebSite","@id":"https:\/\/tensor.eng.br\/#website","url":"https:\/\/tensor.eng.br\/","name":"Tensor","description":"","publisher":{"@id":"https:\/\/tensor.eng.br\/#organization"},"potentialAction":[{"@type":"SearchAction","target":{"@type":"EntryPoint","urlTemplate":"https:\/\/tensor.eng.br\/?s={search_term_string}"},"query-input":{"@type":"PropertyValueSpecification","valueRequired":true,"valueName":"search_term_string"}}],"inLanguage":"en-US"},{"@type":"Organization","@id":"https:\/\/tensor.eng.br\/#organization","name":"Tensor","url":"https:\/\/tensor.eng.br\/","logo":{"@type":"ImageObject","inLanguage":"en-US","@id":"https:\/\/tensor.eng.br\/#\/schema\/logo\/image\/","url":"https:\/\/tensor.eng.br\/wp-content\/uploads\/2024\/08\/tensor.jpg","contentUrl":"https:\/\/tensor.eng.br\/wp-content\/uploads\/2024\/08\/tensor.jpg","width":512,"height":512,"caption":"Tensor"},"image":{"@id":"https:\/\/tensor.eng.br\/#\/schema\/logo\/image\/"}}]}},"_links":{"self":[{"href":"https:\/\/tensor.eng.br\/en\/wp-json\/wp\/v2\/pages\/1957","targetHints":{"allow":["GET"]}}],"collection":[{"href":"https:\/\/tensor.eng.br\/en\/wp-json\/wp\/v2\/pages"}],"about":[{"href":"https:\/\/tensor.eng.br\/en\/wp-json\/wp\/v2\/types\/page"}],"author":[{"embeddable":true,"href":"https:\/\/tensor.eng.br\/en\/wp-json\/wp\/v2\/users\/5"}],"replies":[{"embeddable":true,"href":"https:\/\/tensor.eng.br\/en\/wp-json\/wp\/v2\/comments?post=1957"}],"version-history":[{"count":5,"href":"https:\/\/tensor.eng.br\/en\/wp-json\/wp\/v2\/pages\/1957\/revisions"}],"predecessor-version":[{"id":1964,"href":"https:\/\/tensor.eng.br\/en\/wp-json\/wp\/v2\/pages\/1957\/revisions\/1964"}],"wp:attachment":[{"href":"https:\/\/tensor.eng.br\/en\/wp-json\/wp\/v2\/media?parent=1957"}],"curies":[{"name":"wp","href":"https:\/\/api.w.org\/{rel}","templated":true}]}}